{"id":545,"date":"2026-04-29T22:49:15","date_gmt":"2026-04-29T21:49:15","guid":{"rendered":"https:\/\/makarskaopen.com\/profile\/"},"modified":"2026-05-10T19:55:56","modified_gmt":"2026-05-10T18:55:56","slug":"profile","status":"publish","type":"page","link":"https:\/\/makarskaopen.com\/en\/profile\/","title":{"rendered":"Profile"},"content":{"rendered":"\t\t<div data-elementor-type=\"wp-page\" data-elementor-id=\"545\" class=\"elementor elementor-545 elementor-334\" data-elementor-post-type=\"page\">\n\t\t\t\t<div class=\"elementor-element elementor-element-81f0721 e-flex e-con-boxed e-con e-parent\" data-id=\"81f0721\" data-element_type=\"container\" data-e-type=\"container\" data-settings=\"{&quot;background_background&quot;:&quot;classic&quot;}\">\n\t\t\t\t\t<div class=\"e-con-inner\">\n\t\t<div class=\"elementor-element elementor-element-b26c2b0 e-con-full e-flex e-con e-child\" data-id=\"b26c2b0\" data-element_type=\"container\" data-e-type=\"container\">\n\t\t\t\t<div class=\"elementor-element elementor-element-28d92bd elementor-widget elementor-widget-heading\" data-id=\"28d92bd\" data-element_type=\"widget\" data-e-type=\"widget\" data-widget_type=\"heading.default\">\n\t\t\t\t\t<h2 class=\"elementor-heading-title elementor-size-default\">PROFILE<\/h2>\t\t\t\t<\/div>\n\t\t\t\t<\/div>\n\t\t\t\t\t<\/div>\n\t\t\t\t<\/div>\n\t\t<div class=\"elementor-element elementor-element-70620d0 e-flex e-con-boxed e-con e-parent\" data-id=\"70620d0\" data-element_type=\"container\" data-e-type=\"container\">\n\t\t\t\t\t<div class=\"e-con-inner\">\n\t\t<div class=\"elementor-element elementor-element-37d29dd e-con-full e-flex e-con e-child\" data-id=\"37d29dd\" data-element_type=\"container\" data-e-type=\"container\">\n\t\t\t\t<div class=\"elementor-element elementor-element-8da01d9 elementor-widget elementor-widget-text-editor\" data-id=\"8da01d9\" data-element_type=\"widget\" data-e-type=\"widget\" data-widget_type=\"text-editor.default\">\n\t\t\t\t\t\t\t\t\t<h4>WTA 125 MAKARSKA OPEN<\/h4><p>After 15 successful years of hosting the tournament in Bol, the time has come for a change. <a href=\"https:\/\/www.makarskaopen.com\/hr\/destinacija\/makarska-hrvatska\/\">Makarska<\/a> is the new attractive destination for the WTA 125 tournament category. The tournament will take place at the beginning of June, transforming Makarska into a hub of sports and entertainment in the region.<\/p><p>Played against a magnificent sea view, with a great atmosphere and excellent organization, these are once again the strongest assets of this renowned sporting event, featuring top-ranked female players from Sweden, the Netherlands, Belgium, Slovakia, Montenegro, Italy, China, Luxembourg, Serbia, Slovenia, Croatia, and more, and it regularly welcomes back all its champions.<\/p><p>Steve Simon, the head of the WTA, says that Croatia has always been a strong supporter of women\u2019s tennis and WTA tournaments.<br>\u201cCroatia is a country with an exceptional track record and history of organizing top-level tournaments dating back to 1991.\u201d \u201cWe are delighted that the Makarska Open will continue our WTA story on the beautiful Croatian coast,\u201d Simon states.<\/p><h4>SINGLES WINNERS THROUGHOUT HISTORY<\/h4><p>1991 | Sandra Cecchini (ITA) \u2013 Magdalena Maleeva (BUL) | 6\u20134, 3\u20136, 7\u20135<br>1995 | Sabine Appelmans (BEL) \u2013 Silke Meier (GER) | 6\u20134, 6\u20133<br>1996 | Gloria Pizzichini (ITA) \u2013 Silvija Talaja (CRO) | 6\u20130, 6\u20132<br>1997 | Mirjana Lu\u010di\u0107 (CRO) \u2013 Corina Morariu (USA) | 7\u20135, 6\u20137, 7\u20136<br>1998 | Mirjana Lu\u010di\u0107 (CRO) \u2013 Corina Morariu (USA) | 6\u20132, 6\u20134<br>1999 | Corina Morariu (USA) \u2013 Julie Halard (FRA) | 6\u20132, 6\u20130<br>2000 | Tina Pisnik (SLO) \u2013 Am\u00e9lie Mauresmo (FRA) | 7\u20136, 7\u20136<br>2001 | \u00c1ngeles Montolio (ARG) \u2013 Mariana D\u00edaz O. (SPA) | 3\u20136, 6\u20132, 6\u20134<br>2002 | \u00c5sa Svensson (SWE) \u2013 Iva Majoli (CRO) | 6\u20133, 4\u20136, 6\u20131<br>2003 | Vera Zvonareva (RUS) \u2013 Conchita Mart\u00ednez G. (SPA) | 6\u20131, 6\u20133<br>2016 | Mandy Minella (LUX) &#8211; Polona Hercog (SLO) | 6-2, 6-3<br>2017 | Aleksandra Krunic (SRB) \u2013 Alexandra Cadantu (ROU) | 6-3, 3-0 predaja<br>2018 | Tamara Zidan\u0161ek (SLO) \u2013 Magda Linette (POL) | 6-1, 6-3<br>2019 | Tamara Zidan\u0161ek (SLO) \u2013 S.Sorribes Tormo (ESP) | 7-5, 7-5<br>2021 | Jasmine Paolini (ITA) \u2013 Arantxa Rus (NED) | 6-2, 7-6<br>2022 | Jule Niemler (GER) \u2013 Elisabetta Cocciaretto (ITA) | 7-5, 6-1<\/p><h4>DOUBLES WINNERS THROUGHOUT HISTORY<\/h4><p>1995 | Mercedes Paz (ARG) &amp; Rene Simpson (CAN)<br>1996 | Laura Montalvo (ARG) &amp; Paola Su\u00e1rez (ARG)<br>1997 | Laura Montalvo (ARG) &amp; Henrieta Nagyov\u00e1 (SVK)<br>1998 | Laura Montalvo (ARG) &amp; Paola Su\u00e1rez (ARG)<br>1999 | Jelena Kostani\u0107 (CRO) &amp; Michaela Pa\u0161tikov\u00e1 (CZH)<br>2000 | Julie Halard (FRA) &amp; Corina Morariu (USA)<br>2001 | Mar\u00eda Mart\u00ednez (SAP) &amp; Anabel Medina (SPA)<br>2002 | Tathiana Garbin (ITA) &amp; Angelique Widjaja (IND)<br>2003 | Petra Mandula (HUN) &amp; Patricia Wartusch (AUS)<br>2016 | Petra Marti\u0107 (CRO) &amp; Xenia Knoll (SUI)<br>2017 | Chia-jung Chuang (TPE) &amp; Renata Voracova (CZE)<br>2018 | Wang Yafan (CHN) &amp; Mariana Duque-Mari\u00f1o (COL)<br>2019 | Aliona Bolsova (ESP) &amp; Katarzyna Kawa (POL)<br>2021 |Ekaterine Gorgodze (GRU) &amp; Tereza Mihalikov (SVK)<br>2022 | Dalila Jakupovic (SLO) \/ Tena Lukas (CRO)<\/p>\t\t\t\t\t\t\t\t<\/div>\n\t\t\t\t<\/div>\n\t\t\t\t\t<\/div>\n\t\t\t\t<\/div>\n\t\t\t\t<\/div>\n\t\t","protected":false},"excerpt":{"rendered":"<p>PROFILE WTA 125 MAKARSKA OPEN After 15 successful years of hosting the tournament in Bol, the time has come for a change. Makarska is the new attractive destination for the WTA 125 tournament category. The tournament will take place at the beginning of June, transforming Makarska into a hub of sports and entertainment in the [&hellip;]<\/p>\n","protected":false},"author":1,"featured_media":0,"parent":0,"menu_order":0,"comment_status":"closed","ping_status":"closed","template":"","meta":{"footnotes":""},"class_list":["post-545","page","type-page","status-publish","hentry"],"_links":{"self":[{"href":"https:\/\/makarskaopen.com\/en\/wp-json\/wp\/v2\/pages\/545","targetHints":{"allow":["GET"]}}],"collection":[{"href":"https:\/\/makarskaopen.com\/en\/wp-json\/wp\/v2\/pages"}],"about":[{"href":"https:\/\/makarskaopen.com\/en\/wp-json\/wp\/v2\/types\/page"}],"author":[{"embeddable":true,"href":"https:\/\/makarskaopen.com\/en\/wp-json\/wp\/v2\/users\/1"}],"replies":[{"embeddable":true,"href":"https:\/\/makarskaopen.com\/en\/wp-json\/wp\/v2\/comments?post=545"}],"version-history":[{"count":1,"href":"https:\/\/makarskaopen.com\/en\/wp-json\/wp\/v2\/pages\/545\/revisions"}],"predecessor-version":[{"id":546,"href":"https:\/\/makarskaopen.com\/en\/wp-json\/wp\/v2\/pages\/545\/revisions\/546"}],"wp:attachment":[{"href":"https:\/\/makarskaopen.com\/en\/wp-json\/wp\/v2\/media?parent=545"}],"curies":[{"name":"wp","href":"https:\/\/api.w.org\/{rel}","templated":true}]}}