{"id":501,"date":"2026-04-29T23:19:35","date_gmt":"2026-04-29T22:19:35","guid":{"rendered":"https:\/\/makarskaopen.com\/contact\/"},"modified":"2026-05-10T19:40:24","modified_gmt":"2026-05-10T18:40:24","slug":"contact","status":"publish","type":"page","link":"https:\/\/makarskaopen.com\/en\/contact\/","title":{"rendered":"Contact"},"content":{"rendered":"\t\t<div data-elementor-type=\"wp-page\" data-elementor-id=\"501\" class=\"elementor elementor-501 elementor-400\" data-elementor-post-type=\"page\">\n\t\t\t\t<div class=\"elementor-element elementor-element-31e9a23 e-flex e-con-boxed e-con e-parent\" data-id=\"31e9a23\" data-element_type=\"container\" data-e-type=\"container\" data-settings=\"{&quot;background_background&quot;:&quot;classic&quot;}\">\n\t\t\t\t\t<div class=\"e-con-inner\">\n\t\t<div class=\"elementor-element elementor-element-6d68d72 e-con-full e-flex e-con e-child\" data-id=\"6d68d72\" data-element_type=\"container\" data-e-type=\"container\">\n\t\t\t\t<div class=\"elementor-element elementor-element-cf1d2a9 elementor-widget elementor-widget-heading\" data-id=\"cf1d2a9\" data-element_type=\"widget\" data-e-type=\"widget\" data-widget_type=\"heading.default\">\n\t\t\t\t\t<h2 class=\"elementor-heading-title elementor-size-default\">CONTACT<\/h2>\t\t\t\t<\/div>\n\t\t\t\t<\/div>\n\t\t\t\t\t<\/div>\n\t\t\t\t<\/div>\n\t\t<div class=\"elementor-element elementor-element-6fac526 e-flex e-con-boxed e-con e-parent\" data-id=\"6fac526\" data-element_type=\"container\" data-e-type=\"container\">\n\t\t\t\t\t<div class=\"e-con-inner\">\n\t\t<div class=\"elementor-element elementor-element-10c2948 e-con-full e-flex e-con e-child\" data-id=\"10c2948\" data-element_type=\"container\" data-e-type=\"container\">\n\t\t\t\t<div class=\"elementor-element elementor-element-4645513 elementor-widget elementor-widget-text-editor\" data-id=\"4645513\" data-element_type=\"widget\" data-e-type=\"widget\" data-widget_type=\"text-editor.default\">\n\t\t\t\t\t\t\t\t\t<p>The WTA Makarska Open international tennis tournament is organized by an experienced team in collaboration with a partner PR and digital agency.<\/p>\t\t\t\t\t\t\t\t<\/div>\n\t\t\t\t<\/div>\n\t\t<div class=\"elementor-element elementor-element-d0978a5 e-con-full e-flex e-con e-child\" data-id=\"d0978a5\" data-element_type=\"container\" data-e-type=\"container\">\n\t\t<div class=\"elementor-element elementor-element-f20f52e e-con-full e-flex e-con e-child\" data-id=\"f20f52e\" data-element_type=\"container\" data-e-type=\"container\">\n\t\t\t\t<div class=\"elementor-element elementor-element-52ce9e7 elementor-widget elementor-widget-text-editor\" data-id=\"52ce9e7\" data-element_type=\"widget\" data-e-type=\"widget\" data-widget_type=\"text-editor.default\">\n\t\t\t\t\t\t\t\t\t<p><strong>ORGANIZATION<\/strong><\/p><p>Tajna Lukas Re\u010di\u0107<br>Feliks Lukas, Tournament Director<\/p>\t\t\t\t\t\t\t\t<\/div>\n\t\t\t\t<\/div>\n\t\t<div class=\"elementor-element elementor-element-b63d4c7 e-con-full e-flex e-con e-child\" data-id=\"b63d4c7\" data-element_type=\"container\" data-e-type=\"container\">\n\t\t\t\t<div class=\"elementor-element elementor-element-a56528a elementor-widget elementor-widget-text-editor\" data-id=\"a56528a\" data-element_type=\"widget\" data-e-type=\"widget\" data-widget_type=\"text-editor.default\">\n\t\t\t\t\t\t\t\t\t<p>office@lukassport.com<br>+385 91 9194 114<\/p>\t\t\t\t\t\t\t\t<\/div>\n\t\t\t\t<\/div>\n\t\t\t\t<\/div>\n\t\t<div class=\"elementor-element elementor-element-7af8513 e-con-full e-flex e-con e-child\" data-id=\"7af8513\" data-element_type=\"container\" data-e-type=\"container\">\n\t\t<div class=\"elementor-element elementor-element-88fb787 e-con-full e-flex e-con e-child\" data-id=\"88fb787\" data-element_type=\"container\" data-e-type=\"container\">\n\t\t\t\t<div class=\"elementor-element elementor-element-27e4d1a elementor-widget elementor-widget-text-editor\" data-id=\"27e4d1a\" data-element_type=\"widget\" data-e-type=\"widget\" data-widget_type=\"text-editor.default\">\n\t\t\t\t\t\t\t\t\t<p><strong>VOLUNTEERS<\/strong><\/p><p>Tomislav Ov\u010dari\u0107<\/p>\t\t\t\t\t\t\t\t<\/div>\n\t\t\t\t<\/div>\n\t\t<div class=\"elementor-element elementor-element-5c4f446 e-con-full e-flex e-con e-child\" data-id=\"5c4f446\" data-element_type=\"container\" data-e-type=\"container\">\n\t\t\t\t<div class=\"elementor-element elementor-element-131be9b elementor-widget elementor-widget-text-editor\" data-id=\"131be9b\" data-element_type=\"widget\" data-e-type=\"widget\" data-widget_type=\"text-editor.default\">\n\t\t\t\t\t\t\t\t\t<p>tomislav@lukassport.com<\/p>\t\t\t\t\t\t\t\t<\/div>\n\t\t\t\t<\/div>\n\t\t\t\t<\/div>\n\t\t<div class=\"elementor-element elementor-element-d97e02c e-con-full e-flex e-con e-child\" data-id=\"d97e02c\" data-element_type=\"container\" data-e-type=\"container\">\n\t\t<div class=\"elementor-element elementor-element-4569892 e-con-full e-flex e-con e-child\" data-id=\"4569892\" data-element_type=\"container\" data-e-type=\"container\">\n\t\t\t\t<div class=\"elementor-element elementor-element-b584508 elementor-widget elementor-widget-text-editor\" data-id=\"b584508\" data-element_type=\"widget\" data-e-type=\"widget\" data-widget_type=\"text-editor.default\">\n\t\t\t\t\t\t\t\t\t<p><strong>SPONSORSHIP &amp; PARTNERSHIP<\/strong><\/p><p>Feliks Lukas<br>Iva Vuku\u0161i\u0107<\/p>\t\t\t\t\t\t\t\t<\/div>\n\t\t\t\t<\/div>\n\t\t<div class=\"elementor-element elementor-element-a846aa6 e-con-full e-flex e-con e-child\" data-id=\"a846aa6\" data-element_type=\"container\" data-e-type=\"container\">\n\t\t\t\t<div class=\"elementor-element elementor-element-068515f elementor-widget elementor-widget-text-editor\" data-id=\"068515f\" data-element_type=\"widget\" data-e-type=\"widget\" data-widget_type=\"text-editor.default\">\n\t\t\t\t\t\t\t\t\t<p>feliks@lukassport.com<br>iva@lukassport.com<\/p>\t\t\t\t\t\t\t\t<\/div>\n\t\t\t\t<\/div>\n\t\t\t\t<\/div>\n\t\t<div class=\"elementor-element elementor-element-d1f5c64 e-con-full e-flex e-con e-child\" data-id=\"d1f5c64\" data-element_type=\"container\" data-e-type=\"container\">\n\t\t<div class=\"elementor-element elementor-element-7fc58cc e-con-full e-flex e-con e-child\" data-id=\"7fc58cc\" data-element_type=\"container\" data-e-type=\"container\">\n\t\t\t\t<div class=\"elementor-element elementor-element-af2835f elementor-widget elementor-widget-text-editor\" data-id=\"af2835f\" data-element_type=\"widget\" data-e-type=\"widget\" data-widget_type=\"text-editor.default\">\n\t\t\t\t\t\t\t\t\t<p><strong>PR &amp; MEDIA<\/strong><\/p><p>Alma Rado\u0161, A&amp;R Communications<\/p>\t\t\t\t\t\t\t\t<\/div>\n\t\t\t\t<\/div>\n\t\t<div class=\"elementor-element elementor-element-4c8641c e-con-full e-flex e-con e-child\" data-id=\"4c8641c\" data-element_type=\"container\" data-e-type=\"container\">\n\t\t\t\t<div class=\"elementor-element elementor-element-128b80d elementor-widget elementor-widget-text-editor\" data-id=\"128b80d\" data-element_type=\"widget\" data-e-type=\"widget\" data-widget_type=\"text-editor.default\">\n\t\t\t\t\t\t\t\t\t<p>info@ar-komunikacije.com<br>+385 91 5296 632<\/p>\t\t\t\t\t\t\t\t<\/div>\n\t\t\t\t<\/div>\n\t\t\t\t<\/div>\n\t\t<div class=\"elementor-element elementor-element-971ac73 e-con-full e-flex e-con e-child\" data-id=\"971ac73\" data-element_type=\"container\" data-e-type=\"container\">\n\t\t<div class=\"elementor-element elementor-element-de4d8ea e-con-full e-flex e-con e-child\" data-id=\"de4d8ea\" data-element_type=\"container\" data-e-type=\"container\">\n\t\t\t\t<div class=\"elementor-element elementor-element-af2057a elementor-widget elementor-widget-text-editor\" data-id=\"af2057a\" data-element_type=\"widget\" data-e-type=\"widget\" data-widget_type=\"text-editor.default\">\n\t\t\t\t\t\t\t\t\t<p><strong>MARKETING &amp; SOCIAL MEDIA<\/strong><\/p><p>Ante Budimir-Bekan<\/p>\t\t\t\t\t\t\t\t<\/div>\n\t\t\t\t<\/div>\n\t\t<div class=\"elementor-element elementor-element-e2f1781 e-con-full e-flex e-con e-child\" data-id=\"e2f1781\" data-element_type=\"container\" data-e-type=\"container\">\n\t\t\t\t<div class=\"elementor-element elementor-element-a756c70 elementor-widget elementor-widget-text-editor\" data-id=\"a756c70\" data-element_type=\"widget\" data-e-type=\"widget\" data-widget_type=\"text-editor.default\">\n\t\t\t\t\t\t\t\t\t<p>ante@lukassport.com<\/p>\t\t\t\t\t\t\t\t<\/div>\n\t\t\t\t<\/div>\n\t\t\t\t<\/div>\n\t\t<div class=\"elementor-element elementor-element-2443236 e-con-full e-flex e-con e-child\" data-id=\"2443236\" data-element_type=\"container\" data-e-type=\"container\">\n\t\t<div class=\"elementor-element elementor-element-73e5311 e-con-full e-flex e-con e-child\" data-id=\"73e5311\" data-element_type=\"container\" data-e-type=\"container\">\n\t\t\t\t<div class=\"elementor-element elementor-element-191fcc8 elementor-widget elementor-widget-text-editor\" data-id=\"191fcc8\" data-element_type=\"widget\" data-e-type=\"widget\" data-widget_type=\"text-editor.default\">\n\t\t\t\t\t\t\t\t\t<p><strong>WEB &amp; DIGITAL STRATEGY<\/strong><\/p><p><a href=\"https:\/\/barrek.eu\/\" target=\"_blank\" rel=\"noopener\">BARREK Group<\/a><\/p>\t\t\t\t\t\t\t\t<\/div>\n\t\t\t\t<\/div>\n\t\t<div class=\"elementor-element elementor-element-1f8c5f0 e-con-full e-flex e-con e-child\" data-id=\"1f8c5f0\" data-element_type=\"container\" data-e-type=\"container\">\n\t\t\t\t<div class=\"elementor-element elementor-element-d5c8006 elementor-widget elementor-widget-text-editor\" data-id=\"d5c8006\" data-element_type=\"widget\" data-e-type=\"widget\" data-widget_type=\"text-editor.default\">\n\t\t\t\t\t\t\t\t\t<p>info@barrek.eu<br>+385 91 917 4462<\/p>\t\t\t\t\t\t\t\t<\/div>\n\t\t\t\t<\/div>\n\t\t\t\t<\/div>\n\t\t\t\t\t<\/div>\n\t\t\t\t<\/div>\n\t\t\t\t<\/div>\n\t\t","protected":false},"excerpt":{"rendered":"<p>CONTACT The WTA Makarska Open international tennis tournament is organized by an experienced team in collaboration with a partner PR and digital agency. ORGANIZATION Tajna Lukas Re\u010di\u0107Feliks Lukas, Tournament Director office@lukassport.com+385 91 9194 114 VOLUNTEERS Tomislav Ov\u010dari\u0107 tomislav@lukassport.com SPONSORSHIP &amp; PARTNERSHIP Feliks LukasIva Vuku\u0161i\u0107 feliks@lukassport.comiva@lukassport.com PR &amp; MEDIA Alma Rado\u0161, A&amp;R Communications info@ar-komunikacije.com+385 91 5296 [&hellip;]<\/p>\n","protected":false},"author":1,"featured_media":0,"parent":0,"menu_order":0,"comment_status":"closed","ping_status":"closed","template":"","meta":{"footnotes":""},"class_list":["post-501","page","type-page","status-publish","hentry"],"_links":{"self":[{"href":"https:\/\/makarskaopen.com\/en\/wp-json\/wp\/v2\/pages\/501","targetHints":{"allow":["GET"]}}],"collection":[{"href":"https:\/\/makarskaopen.com\/en\/wp-json\/wp\/v2\/pages"}],"about":[{"href":"https:\/\/makarskaopen.com\/en\/wp-json\/wp\/v2\/types\/page"}],"author":[{"embeddable":true,"href":"https:\/\/makarskaopen.com\/en\/wp-json\/wp\/v2\/users\/1"}],"replies":[{"embeddable":true,"href":"https:\/\/makarskaopen.com\/en\/wp-json\/wp\/v2\/comments?post=501"}],"version-history":[{"count":1,"href":"https:\/\/makarskaopen.com\/en\/wp-json\/wp\/v2\/pages\/501\/revisions"}],"predecessor-version":[{"id":502,"href":"https:\/\/makarskaopen.com\/en\/wp-json\/wp\/v2\/pages\/501\/revisions\/502"}],"wp:attachment":[{"href":"https:\/\/makarskaopen.com\/en\/wp-json\/wp\/v2\/media?parent=501"}],"curies":[{"name":"wp","href":"https:\/\/api.w.org\/{rel}","templated":true}]}}